{"id":5538,"date":"2024-02-21T17:16:32","date_gmt":"2024-02-21T16:16:32","guid":{"rendered":"https:\/\/jahresberichte.phgr.ch\/2023\/?page_id=5538"},"modified":"2024-03-26T11:27:39","modified_gmt":"2024-03-26T10:27:39","slug":"formazione-continua-e-servizi","status":"publish","type":"page","link":"https:\/\/jahresberichte.phgr.ch\/2023\/it\/prorettorati\/formazione-continua-e-servizi\/","title":{"rendered":"Formazione continua e servizi"},"content":{"rendered":"\t\t<div data-elementor-type=\"wp-page\" data-elementor-id=\"5538\" class=\"elementor elementor-5538\" data-elementor-post-type=\"page\">\n\t\t\t\t\t\t<section class=\"elementor-section elementor-top-section elementor-element elementor-element-39b50ca4 elementor-section-height-min-height elementor-section-boxed elementor-section-height-default elementor-section-items-middle\" data-id=\"39b50ca4\" data-element_type=\"section\" data-settings=\"{&quot;jet_parallax_layout_list&quot;:[],&quot;background_background&quot;:&quot;classic&quot;}\">\n\t\t\t\t\t\t<div class=\"elementor-container elementor-column-gap-default\">\n\t\t\t\t\t<div class=\"elementor-column elementor-col-100 elementor-top-column elementor-element elementor-element-1319541c\" data-id=\"1319541c\" data-element_type=\"column\">\n\t\t\t<div class=\"elementor-widget-wrap elementor-element-populated\">\n\t\t\t\t\t\t<div class=\"elementor-element elementor-element-54cc531c elementor-widget elementor-widget-heading\" data-id=\"54cc531c\" data-element_type=\"widget\" data-widget_type=\"heading.default\">\n\t\t\t\t<div class=\"elementor-widget-container\">\n\t\t\t\t\t<h3 class=\"elementor-heading-title elementor-size-default\">Prorettorato<\/h3>\t\t\t\t<\/div>\n\t\t\t\t<\/div>\n\t\t\t\t<div class=\"elementor-element elementor-element-784514d7 elementor-widget elementor-widget-heading\" data-id=\"784514d7\" data-element_type=\"widget\" id=\"title-underline\" data-widget_type=\"heading.default\">\n\t\t\t\t<div class=\"elementor-widget-container\">\n\t\t\t\t\t<h2 class=\"elementor-heading-title elementor-size-default\">Formazione continua e servizi<\/h2>\t\t\t\t<\/div>\n\t\t\t\t<\/div>\n\t\t\t\t<div class=\"elementor-element elementor-element-1d78fc03 elementor-widget elementor-widget-heading\" data-id=\"1d78fc03\" data-element_type=\"widget\" data-widget_type=\"heading.default\">\n\t\t\t\t<div class=\"elementor-widget-container\">\n\t\t\t\t\t<h3 class=\"elementor-heading-title elementor-size-default\">Lo slogan dell'anniversario \u00abUna formazione di alta qualit\u00e0 per tutti\u00bb si riflette anche nella gamma di offerte nel settore della formazione continua.<\/h3>\t\t\t\t<\/div>\n\t\t\t\t<\/div>\n\t\t\t\t\t<\/div>\n\t\t<\/div>\n\t\t\t\t\t<\/div>\n\t\t<\/section>\n\t\t\t\t<section class=\"elementor-section elementor-top-section elementor-element elementor-element-7c3a0764 elementor-section-full_width elementor-section-height-min-height elementor-section-height-default elementor-section-items-middle\" data-id=\"7c3a0764\" data-element_type=\"section\" data-settings=\"{&quot;jet_parallax_layout_list&quot;:[],&quot;background_background&quot;:&quot;classic&quot;}\">\n\t\t\t\t\t\t<div class=\"elementor-container elementor-column-gap-default\">\n\t\t\t\t\t<div class=\"elementor-column elementor-col-100 elementor-top-column elementor-element elementor-element-16f8070c\" data-id=\"16f8070c\" data-element_type=\"column\">\n\t\t\t<div class=\"elementor-widget-wrap elementor-element-populated\">\n\t\t\t\t\t\t<div class=\"elementor-element elementor-element-7797ec1e elementor-widget elementor-widget-spacer\" data-id=\"7797ec1e\" data-element_type=\"widget\" data-widget_type=\"spacer.default\">\n\t\t\t\t<div class=\"elementor-widget-container\">\n\t\t\t\t\t\t\t<div class=\"elementor-spacer\">\n\t\t\t<div class=\"elementor-spacer-inner\"><\/div>\n\t\t<\/div>\n\t\t\t\t\t\t<\/div>\n\t\t\t\t<\/div>\n\t\t\t\t\t<\/div>\n\t\t<\/div>\n\t\t\t\t\t<\/div>\n\t\t<\/section>\n\t\t\t\t<section class=\"elementor-section elementor-top-section elementor-element elementor-element-55257a1 elementor-section-boxed elementor-section-height-default elementor-section-height-default\" data-id=\"55257a1\" data-element_type=\"section\" data-settings=\"{&quot;jet_parallax_layout_list&quot;:[]}\">\n\t\t\t\t\t\t<div class=\"elementor-container elementor-column-gap-default\">\n\t\t\t\t\t<div class=\"elementor-column elementor-col-100 elementor-top-column elementor-element elementor-element-2100ce1\" data-id=\"2100ce1\" data-element_type=\"column\">\n\t\t\t<div class=\"elementor-widget-wrap elementor-element-populated\">\n\t\t\t\t\t\t<div class=\"elementor-element elementor-element-c64cae7 elementor-widget elementor-widget-text-editor\" data-id=\"c64cae7\" data-element_type=\"widget\" data-widget_type=\"text-editor.default\">\n\t\t\t\t<div class=\"elementor-widget-container\">\n\t\t\t\t\t\t\t\t\t<p>Anche l\u2019offerta del prorettorato in materia di formazione continua e servizi si basa sullo<a href=\"\/it\/tema-centrale\/\" rel=\"noopener\"> slogan dell\u2019anniversario <\/a>\u00abUna formazione di alta qualit\u00e0 per tutti\u00bb. Il prorettorato ha abbracciato il motto \u00abper tutti\u00bb rispondendo alle esigenze delle scuole. Questo ha portato a un programma variegato anche nel 2023, in termini di argomenti, ma anche di contesti. In tal modo, anche nel 2023 insegnanti, dirigenti scolastiche e scolastici e docenti hanno potuto organizzare individualmente i loro corsi di formazione.<br \/>Un insegnante, ad esempio, ha scelto il corso \u00abTextilien gestalten mit Siebdruck\u00bb (Progettazione di tessuti con stampa serigrafica) dal programma, che comprende circa 100 corsi, dedicando una giornata all\u2019apprendimento di una competenza specifica che ha potuto applicare immediatamente nella successiva settimana di progetto nella sua scuola. Un\u2019altra insegnante ha scelto il CAS Unterrichtsentwicklung mit dem Churermodell (Sviluppo della didattica con il modello di Coira) tra i sei certificati di studi avanzati iniziati nel 2023. Nel corso dell&#8217;anno, continuer\u00e0 a sviluppare il proprio insegnamento abbandonando le aule arredate in modo convenzionale.<\/p><p>Tuttavia, il motto dell&#8217;anniversario non comprende solo \u00abFormazione per tutti\u00bb, ma anche \u00abFormazione di alta qualit\u00e0\u00bb. In seno al prorettorato, ci siamo concentrati su diversi temi e servizi a questo proposito. Nel 2023 abbiamo intensificato ulteriormente la nostra attenzione alla sostenibilit\u00e0 della nostra offerta. Un cambiamento verso la sostenibilit\u00e0 richiede tempo. Lo dimostra l&#8217;esempio del certificato di studi avanzato di un anno che accompagna e sostiene i cambiamenti nel proprio insegnamento individuale. Inoltre, varie collaboratrici e vari collaboratori del prorettorato hanno potuto ancora una volta accompagnare le scuole e offrire il proprio coaching durante i loro processi di sviluppo strategico, didattico o strutturale.<\/p><p>Da un punto di vista tecnico, sono state approfondite le tematiche della strategia. In questa sede va sottolineato l&#8217;obiettivo strategico \u00abEducazione alla trasformazione digitale\u00bb. Le attivit\u00e0 MINT, gi\u00e0 collaudate e consolidate, sono state ulteriormente portate avanti ed \u00e8 stato lanciato il primo ciclo di studio del CAS Bildung im Bildung im digitalen Wandel (Educazione alla trasformazione digitale).<br \/>Dal lancio di ChatGPT, il tema dell&#8217;intelligenza artificiale ha acquisito rapidamente importanza. L&#8217;istruzione ne \u00e8 influenzata in tutti i suoi cicli. L\u2019Alta scuola pedagogica dei Grigioni ha affrontato questa nuova tecnologia precocemente e con una mentalit\u00e0 aperta, ma con il necessario senso di responsabilit\u00e0, anche per gli aspetti pi\u00f9 delicati. Il servizio specializzato eLearning ha prontamente avviato corsi per le e i docenti interni e sviluppato programmi per le scuole. I primi corsi sul tema sono stati offerti in autunno e l&#8217;argomento \u00e8 stato integrato in diversi corsi esistenti. \u00c8 essenziale, ad esempio, che le e i partecipanti al CAS Dirigenti scolastiche e scolastici o al master Sviluppo della scuola si confrontino con questa tematica. I posti disponibili per i corsi sono rapidamente esauriti e si \u00e8 reso necessario lanciare altre offerte. Dall&#8217;autunno il prorettorato riceve sempre pi\u00f9 richieste di corsi di formazione interna alle scuole. Le i docenti sono stati invitati a tenere presentazioni sul tema (ad esempio dall\u2019associazione delle direttrici e dei direttori di sede scolastica dei Grigioni VSLGR) o hanno potuto guidare workshop sull&#8217;argomento (ad esempio, alla fiera dell&#8217;istruzione Swissdidac). Sempre pi\u00f9 spesso arrivano richieste anche da fuori cantone. \u00c8 stato quindi possibile affermarci in questo settore in rapido sviluppo. Il tema continua ad evolversi e rester\u00e0 attuale anche nel prossimo anno. \u00c8 importante dedicarsi costantemente con passione allo sviluppo.<\/p>\t\t\t\t\t\t\t\t<\/div>\n\t\t\t\t<\/div>\n\t\t\t\t\t<\/div>\n\t\t<\/div>\n\t\t\t\t\t<\/div>\n\t\t<\/section>\n\t\t<div class=\"elementor-element elementor-element-20bdc2d e-flex e-con-boxed e-con e-parent\" data-id=\"20bdc2d\" data-element_type=\"container\" data-settings=\"{&quot;background_background&quot;:&quot;classic&quot;,&quot;jet_parallax_layout_list&quot;:[]}\">\n\t\t\t\t\t<div class=\"e-con-inner\">\n\t\t<div class=\"elementor-element elementor-element-ef14d56 e-con-full e-flex e-con e-child\" data-id=\"ef14d56\" data-element_type=\"container\" data-settings=\"{&quot;jet_parallax_layout_list&quot;:[]}\">\n\t\t\t\t<div class=\"elementor-element elementor-element-e178f45 elementor-widget elementor-widget-image\" data-id=\"e178f45\" data-element_type=\"widget\" data-widget_type=\"image.default\">\n\t\t\t\t<div class=\"elementor-widget-container\">\n\t\t\t\t\t\t\t\t\t\t\t\t\t\t\t<img decoding=\"async\" width=\"102\" height=\"106\" src=\"https:\/\/jahresberichte.phgr.ch\/2023\/wp-content\/uploads\/sites\/3\/2024\/01\/phgr-jahresbericht-2023-20-jahre-stoerer.svg\" class=\"attachment-large size-large wp-image-5025\" alt=\"\" \/>\t\t\t\t\t\t\t\t\t\t\t\t\t\t\t<\/div>\n\t\t\t\t<\/div>\n\t\t\t\t<\/div>\n\t\t<div class=\"elementor-element elementor-element-d0cfd5b e-con-full e-flex e-con e-child\" data-id=\"d0cfd5b\" data-element_type=\"container\" data-settings=\"{&quot;jet_parallax_layout_list&quot;:[]}\">\n\t\t<div class=\"elementor-element elementor-element-c5aeb7e e-con-full e-flex e-con e-child\" data-id=\"c5aeb7e\" data-element_type=\"container\" data-settings=\"{&quot;jet_parallax_layout_list&quot;:[]}\">\n\t\t\t\t<div class=\"elementor-element elementor-element-2099f66 elementor-widget elementor-widget-image\" data-id=\"2099f66\" data-element_type=\"widget\" data-widget_type=\"image.default\">\n\t\t\t\t<div class=\"elementor-widget-container\">\n\t\t\t\t\t\t\t\t\t\t\t\t\t\t\t<img fetchpriority=\"high\" decoding=\"async\" width=\"600\" height=\"600\" src=\"https:\/\/jahresberichte.phgr.ch\/2023\/wp-content\/uploads\/sites\/3\/2024\/03\/testimonial-Magdalena-Martullo-1.png\" class=\"attachment-large size-large wp-image-7451\" alt=\"\" srcset=\"https:\/\/jahresberichte.phgr.ch\/2023\/wp-content\/uploads\/sites\/3\/2024\/03\/testimonial-Magdalena-Martullo-1.png 600w, https:\/\/jahresberichte.phgr.ch\/2023\/wp-content\/uploads\/sites\/3\/2024\/03\/testimonial-Magdalena-Martullo-1-500x500.png 500w\" sizes=\"(max-width: 600px) 100vw, 600px\" \/>\t\t\t\t\t\t\t\t\t\t\t\t\t\t\t<\/div>\n\t\t\t\t<\/div>\n\t\t\t\t<\/div>\n\t\t<div class=\"elementor-element elementor-element-281d199 e-flex e-con-boxed e-con e-child\" data-id=\"281d199\" data-element_type=\"container\" data-settings=\"{&quot;jet_parallax_layout_list&quot;:[]}\">\n\t\t\t\t\t<div class=\"e-con-inner\">\n\t\t<div class=\"elementor-element elementor-element-6d8dd2c e-flex e-con-boxed e-con e-child\" data-id=\"6d8dd2c\" data-element_type=\"container\" data-settings=\"{&quot;background_background&quot;:&quot;classic&quot;,&quot;jet_parallax_layout_list&quot;:[]}\">\n\t\t\t\t\t<div class=\"e-con-inner\">\n\t\t\t\t\t<\/div>\n\t\t\t\t<\/div>\n\t\t<div class=\"elementor-element elementor-element-3e5d60f e-flex e-con-boxed e-con e-child\" data-id=\"3e5d60f\" data-element_type=\"container\" data-settings=\"{&quot;background_background&quot;:&quot;classic&quot;,&quot;jet_parallax_layout_list&quot;:[]}\">\n\t\t\t\t\t<div class=\"e-con-inner\">\n\t\t\t\t<div class=\"elementor-element elementor-element-f87df15 elementor-widget elementor-widget-heading\" data-id=\"f87df15\" data-element_type=\"widget\" data-widget_type=\"heading.default\">\n\t\t\t\t<div class=\"elementor-widget-container\">\n\t\t\t\t\t<h3 class=\"elementor-heading-title elementor-size-default\">Noi imprenditori e imprenditrici dei Grigioni apprezziamo straordinariamente la formazione qualificata delle nostre giovani leve. Le e gli insegnanti svolgono un ruolo estremamente importante in questo senso. L'ASP Grigioni pone ogni giorno le basi per l'innovazione e la competitivit\u00e0 delle nostre aziende ed \u00e8 quindi insostituibile per un futuro di successo dei Grigioni come luogo residenziale, di formazione e commerciale. La EMS-CHEMIE mantiene una stretta e intensa collaborazione con l'ASP Grigioni da decenni, organizza MINTS-Camps annuali con studentesse e studenti della scuola universitaria e laboratori formativi per insegnanti grigionesi presso il nostro laboratorio Domat\/Ems. Vorremmo esprimere un grande ringraziamento per questo. Ci auguriamo di continuare questa collaborazione cooperativa. <\/h3>\t\t\t\t<\/div>\n\t\t\t\t<\/div>\n\t\t\t\t<div class=\"elementor-element elementor-element-bc18ccf elementor-widget elementor-widget-heading\" data-id=\"bc18ccf\" data-element_type=\"widget\" data-widget_type=\"heading.default\">\n\t\t\t\t<div class=\"elementor-widget-container\">\n\t\t\t\t\t<h4 class=\"elementor-heading-title elementor-size-default\">\u2013 Magdalena Martullo-Blocher, vicepresidente esecutiva e delegata del Consiglio di amministrazione della EMS-CHEMIE<\/h4>\t\t\t\t<\/div>\n\t\t\t\t<\/div>\n\t\t\t\t\t<\/div>\n\t\t\t\t<\/div>\n\t\t<div class=\"elementor-element elementor-element-fbf47d7 e-flex e-con-boxed e-con e-child\" data-id=\"fbf47d7\" data-element_type=\"container\" data-settings=\"{&quot;background_background&quot;:&quot;classic&quot;,&quot;jet_parallax_layout_list&quot;:[]}\">\n\t\t\t\t\t<div class=\"e-con-inner\">\n\t\t\t\t\t<\/div>\n\t\t\t\t<\/div>\n\t\t\t\t\t<\/div>\n\t\t\t\t<\/div>\n\t\t\t\t<\/div>\n\t\t\t\t\t<\/div>\n\t\t\t\t<\/div>\n\t\t\t\t<section class=\"elementor-section elementor-top-section elementor-element elementor-element-7b90aef9 elementor-section-boxed elementor-section-height-default elementor-section-height-default\" data-id=\"7b90aef9\" data-element_type=\"section\" data-settings=\"{&quot;jet_parallax_layout_list&quot;:[]}\">\n\t\t\t\t\t\t<div class=\"elementor-container elementor-column-gap-default\">\n\t\t\t\t\t<div class=\"elementor-column elementor-col-100 elementor-top-column elementor-element elementor-element-45d5e5f4\" data-id=\"45d5e5f4\" data-element_type=\"column\">\n\t\t\t<div class=\"elementor-widget-wrap elementor-element-populated\">\n\t\t\t\t\t\t<div class=\"elementor-element elementor-element-3304bf01 elementor-widget elementor-widget-template\" data-id=\"3304bf01\" data-element_type=\"widget\" data-widget_type=\"template.default\">\n\t\t\t\t<div class=\"elementor-widget-container\">\n\t\t\t\t\t\t\t<div class=\"elementor-template\">\n\t\t\t\t\t<div data-elementor-type=\"section\" data-elementor-id=\"3075\" class=\"elementor elementor-3075\" data-elementor-post-type=\"elementor_library\">\n\t\t\t<div class=\"elementor-element elementor-element-73eac0c e-flex e-con-boxed e-con e-parent\" data-id=\"73eac0c\" data-element_type=\"container\" data-settings=\"{&quot;jet_parallax_layout_list&quot;:[{&quot;_id&quot;:&quot;d9c892f&quot;,&quot;jet_parallax_layout_image&quot;:{&quot;url&quot;:&quot;&quot;,&quot;id&quot;:&quot;&quot;,&quot;size&quot;:&quot;&quot;},&quot;jet_parallax_layout_image_tablet&quot;:{&quot;url&quot;:&quot;&quot;,&quot;id&quot;:&quot;&quot;,&quot;size&quot;:&quot;&quot;},&quot;jet_parallax_layout_image_mobile&quot;:{&quot;url&quot;:&quot;&quot;,&quot;id&quot;:&quot;&quot;,&quot;size&quot;:&quot;&quot;},&quot;jet_parallax_layout_speed&quot;:{&quot;unit&quot;:&quot;%&quot;,&quot;size&quot;:50,&quot;sizes&quot;:[]},&quot;jet_parallax_layout_type&quot;:&quot;scroll&quot;,&quot;jet_parallax_layout_direction&quot;:null,&quot;jet_parallax_layout_fx_direction&quot;:null,&quot;jet_parallax_layout_z_index&quot;:&quot;&quot;,&quot;jet_parallax_layout_bg_x&quot;:50,&quot;jet_parallax_layout_bg_x_tablet&quot;:&quot;&quot;,&quot;jet_parallax_layout_bg_x_mobile&quot;:&quot;&quot;,&quot;jet_parallax_layout_bg_y&quot;:50,&quot;jet_parallax_layout_bg_y_tablet&quot;:&quot;&quot;,&quot;jet_parallax_layout_bg_y_mobile&quot;:&quot;&quot;,&quot;jet_parallax_layout_bg_size&quot;:&quot;auto&quot;,&quot;jet_parallax_layout_bg_size_tablet&quot;:&quot;&quot;,&quot;jet_parallax_layout_bg_size_mobile&quot;:&quot;&quot;,&quot;jet_parallax_layout_animation_prop&quot;:&quot;transform&quot;,&quot;jet_parallax_layout_on&quot;:[&quot;desktop&quot;,&quot;tablet&quot;]}]}\">\n\t\t\t\t\t<div class=\"e-con-inner\">\n\t\t<div class=\"elementor-element elementor-element-3c4e947 e-con-full e-flex e-con e-child\" data-id=\"3c4e947\" data-element_type=\"container\" data-settings=\"{&quot;jet_parallax_layout_list&quot;:[]}\">\n\t\t\t\t<div class=\"elementor-element elementor-element-34579af elementor-widget elementor-widget-spacer\" data-id=\"34579af\" data-element_type=\"widget\" data-widget_type=\"spacer.default\">\n\t\t\t\t<div class=\"elementor-widget-container\">\n\t\t\t\t\t\t\t<div class=\"elementor-spacer\">\n\t\t\t<div class=\"elementor-spacer-inner\"><\/div>\n\t\t<\/div>\n\t\t\t\t\t\t<\/div>\n\t\t\t\t<\/div>\n\t\t\t\t<div class=\"elementor-element elementor-element-40cffc9 elementor-widget elementor-widget-heading\" data-id=\"40cffc9\" data-element_type=\"widget\" data-widget_type=\"heading.default\">\n\t\t\t\t<div class=\"elementor-widget-container\">\n\t\t\t\t\t<p class=\"elementor-heading-title elementor-size-default\">Altri argomenti che potrebbero interessarvi<\/p>\t\t\t\t<\/div>\n\t\t\t\t<\/div>\n\t\t\t\t<div class=\"elementor-element elementor-element-6852d52 raven-hover-scale-up elementor-widget elementor-widget-raven-posts\" data-id=\"6852d52\" data-element_type=\"widget\" data-settings=\"{&quot;classic_columns&quot;:&quot;4&quot;,&quot;query_posts_per_page&quot;:4,&quot;_skin&quot;:&quot;classic&quot;,&quot;classic_layout&quot;:&quot;grid&quot;,&quot;classic_columns_tablet&quot;:&quot;2&quot;,&quot;classic_columns_mobile&quot;:&quot;1&quot;,&quot;query_offset&quot;:0}\" data-widget_type=\"raven-posts.classic\">\n\t\t\t\t<div class=\"elementor-widget-container\">\n\t\t\t\t\t\t\t<div class=\"raven-posts raven-grid raven-grid-4 raven-grid-mobile-1 raven-grid-tablet-2\" data-post-id=\"3075\" data-archive-query=\"\" data-lang=\"\">\n\t\t\t\t<div class=\"raven-grid-item raven-post-item post-685 page type-page status-publish has-post-thumbnail hentry\">\n\t\t\t<div class=\"raven-post elementor-animation-grow\">\n\t\t\t\t\t\t<div class=\"raven-post-image-wrap\">\n\t\t\t<a class=\"raven-post-image raven-image-fit\" href=\"https:\/\/jahresberichte.phgr.ch\/2023\/prorektorate\/forschung-und-entwicklung\/\"><img decoding=\"async\" width=\"1000\" height=\"1000\" src=\"https:\/\/jahresberichte.phgr.ch\/2023\/wp-content\/uploads\/sites\/3\/2024\/01\/phgr-jahresbericht-2023-weitere-themen-prorektorate-forschung-entwicklung.jpg\" class=\"attachment-large size-large wp-image-4968\" alt=\"\" srcset=\"https:\/\/jahresberichte.phgr.ch\/2023\/wp-content\/uploads\/sites\/3\/2024\/01\/phgr-jahresbericht-2023-weitere-themen-prorektorate-forschung-entwicklung.jpg 1000w, https:\/\/jahresberichte.phgr.ch\/2023\/wp-content\/uploads\/sites\/3\/2024\/01\/phgr-jahresbericht-2023-weitere-themen-prorektorate-forschung-entwicklung-768x768.jpg 768w, https:\/\/jahresberichte.phgr.ch\/2023\/wp-content\/uploads\/sites\/3\/2024\/01\/phgr-jahresbericht-2023-weitere-themen-prorektorate-forschung-entwicklung-500x500.jpg 500w\" sizes=\"(max-width: 1000px) 100vw, 1000px\" \/> <span class=\"raven-post-image-overlay\"><\/span><\/a>\t\t<\/div>\n\t\t\t\t\t\t<div class=\"raven-post-content\">\n\t\t\t\t\t<h3 class=\"raven-post-title\"><a class=\"raven-post-title-link\" href=\"https:\/\/jahresberichte.phgr.ch\/2023\/prorektorate\/forschung-und-entwicklung\/\">Forschung und Entwicklung<\/a><\/h3>\t\t\t\t<\/div>\n\t\t\t<\/div>\n\t\t<\/div>\n\t\t\t\t<div class=\"raven-grid-item raven-post-item post-2231 page type-page status-publish has-post-thumbnail hentry\">\n\t\t\t<div class=\"raven-post elementor-animation-grow\">\n\t\t\t\t\t\t<div class=\"raven-post-image-wrap\">\n\t\t\t<a class=\"raven-post-image raven-image-fit\" href=\"https:\/\/jahresberichte.phgr.ch\/2023\/impressum\/\"><img loading=\"lazy\" decoding=\"async\" width=\"1000\" height=\"1000\" src=\"https:\/\/jahresberichte.phgr.ch\/2023\/wp-content\/uploads\/sites\/3\/2023\/01\/phgr-weitere-themen-neue-studiengaenge.jpg\" class=\"attachment-large size-large wp-image-1398\" alt=\"\" srcset=\"https:\/\/jahresberichte.phgr.ch\/2023\/wp-content\/uploads\/sites\/3\/2023\/01\/phgr-weitere-themen-neue-studiengaenge.jpg 1000w, https:\/\/jahresberichte.phgr.ch\/2023\/wp-content\/uploads\/sites\/3\/2023\/01\/phgr-weitere-themen-neue-studiengaenge-768x768.jpg 768w, https:\/\/jahresberichte.phgr.ch\/2023\/wp-content\/uploads\/sites\/3\/2023\/01\/phgr-weitere-themen-neue-studiengaenge-500x500.jpg 500w\" sizes=\"(max-width: 1000px) 100vw, 1000px\" \/> <span class=\"raven-post-image-overlay\"><\/span><\/a>\t\t<\/div>\n\t\t\t\t\t\t<div class=\"raven-post-content\">\n\t\t\t\t\t<h3 class=\"raven-post-title\"><a class=\"raven-post-title-link\" href=\"https:\/\/jahresberichte.phgr.ch\/2023\/impressum\/\">Impressum DE<\/a><\/h3>\t\t\t\t<\/div>\n\t\t\t<\/div>\n\t\t<\/div>\n\t\t\t\t<div class=\"raven-grid-item raven-post-item post-5658 page type-page status-publish has-post-thumbnail hentry\">\n\t\t\t<div class=\"raven-post elementor-animation-grow\">\n\t\t\t\t\t\t<div class=\"raven-post-image-wrap\">\n\t\t\t<a class=\"raven-post-image raven-image-fit\" href=\"https:\/\/jahresberichte.phgr.ch\/2023\/rm\/sur-da-nus\/\"><img loading=\"lazy\" decoding=\"async\" width=\"1000\" height=\"1000\" src=\"https:\/\/jahresberichte.phgr.ch\/2023\/wp-content\/uploads\/sites\/3\/2024\/01\/phgr-jahresbericht-2023-weitere-themen-ueber-uns.jpg\" class=\"attachment-large size-large wp-image-4972\" alt=\"\" srcset=\"https:\/\/jahresberichte.phgr.ch\/2023\/wp-content\/uploads\/sites\/3\/2024\/01\/phgr-jahresbericht-2023-weitere-themen-ueber-uns.jpg 1000w, https:\/\/jahresberichte.phgr.ch\/2023\/wp-content\/uploads\/sites\/3\/2024\/01\/phgr-jahresbericht-2023-weitere-themen-ueber-uns-768x768.jpg 768w, https:\/\/jahresberichte.phgr.ch\/2023\/wp-content\/uploads\/sites\/3\/2024\/01\/phgr-jahresbericht-2023-weitere-themen-ueber-uns-500x500.jpg 500w\" sizes=\"(max-width: 1000px) 100vw, 1000px\" \/> <span class=\"raven-post-image-overlay\"><\/span><\/a>\t\t<\/div>\n\t\t\t\t\t\t<div class=\"raven-post-content\">\n\t\t\t\t\t<h3 class=\"raven-post-title\"><a class=\"raven-post-title-link\" href=\"https:\/\/jahresberichte.phgr.ch\/2023\/rm\/sur-da-nus\/\">Sur da nus<\/a><\/h3>\t\t\t\t<\/div>\n\t\t\t<\/div>\n\t\t<\/div>\n\t\t\t\t<div class=\"raven-grid-item raven-post-item post-378 page type-page status-publish has-post-thumbnail hentry\">\n\t\t\t<div class=\"raven-post elementor-animation-grow\">\n\t\t\t\t\t\t<div class=\"raven-post-image-wrap\">\n\t\t\t<a class=\"raven-post-image raven-image-fit\" href=\"https:\/\/jahresberichte.phgr.ch\/2023\/fokusthema\/\"><img loading=\"lazy\" decoding=\"async\" width=\"1000\" height=\"1000\" src=\"https:\/\/jahresberichte.phgr.ch\/2023\/wp-content\/uploads\/sites\/3\/2024\/01\/phgr-jahresbericht-2023-weitere-themen-fokusthema.jpg\" class=\"attachment-large size-large wp-image-4966\" alt=\"\" srcset=\"https:\/\/jahresberichte.phgr.ch\/2023\/wp-content\/uploads\/sites\/3\/2024\/01\/phgr-jahresbericht-2023-weitere-themen-fokusthema.jpg 1000w, https:\/\/jahresberichte.phgr.ch\/2023\/wp-content\/uploads\/sites\/3\/2024\/01\/phgr-jahresbericht-2023-weitere-themen-fokusthema-768x768.jpg 768w, https:\/\/jahresberichte.phgr.ch\/2023\/wp-content\/uploads\/sites\/3\/2024\/01\/phgr-jahresbericht-2023-weitere-themen-fokusthema-500x500.jpg 500w\" sizes=\"(max-width: 1000px) 100vw, 1000px\" \/> <span class=\"raven-post-image-overlay\"><\/span><\/a>\t\t<\/div>\n\t\t\t\t\t\t<div class=\"raven-post-content\">\n\t\t\t\t\t<h3 class=\"raven-post-title\"><a class=\"raven-post-title-link\" href=\"https:\/\/jahresberichte.phgr.ch\/2023\/fokusthema\/\">Fokusthema<\/a><\/h3>\t\t\t\t<\/div>\n\t\t\t<\/div>\n\t\t<\/div>\n\t\t\t\t<\/div>\n\t\t\t\t\t\t<\/div>\n\t\t\t\t<\/div>\n\t\t\t\t<div class=\"elementor-element elementor-element-5de9c66 elementor-widget elementor-widget-spacer\" data-id=\"5de9c66\" data-element_type=\"widget\" data-widget_type=\"spacer.default\">\n\t\t\t\t<div class=\"elementor-widget-container\">\n\t\t\t\t\t\t\t<div class=\"elementor-spacer\">\n\t\t\t<div class=\"elementor-spacer-inner\"><\/div>\n\t\t<\/div>\n\t\t\t\t\t\t<\/div>\n\t\t\t\t<\/div>\n\t\t\t\t<\/div>\n\t\t\t\t\t<\/div>\n\t\t\t\t<\/div>\n\t\t\t\t<\/div>\n\t\t\t\t<\/div>\n\t\t\t\t\t\t<\/div>\n\t\t\t\t<\/div>\n\t\t\t\t\t<\/div>\n\t\t<\/div>\n\t\t\t\t\t<\/div>\n\t\t<\/section>\n\t\t\t\t<\/div>\n\t\t","protected":false},"excerpt":{"rendered":"<p>Prorettorato Formazione continua e servizi Lo slogan dell&#8217;anniversario \u00abUna formazione di alta qualit\u00e0 per tutti\u00bb si riflette anche nella gamma di offerte nel settore della formazione continua. Anche l\u2019offerta del prorettorato in materia di formazione continua e servizi si basa sullo slogan dell\u2019anniversario \u00abUna formazione di alta qualit\u00e0 per tutti\u00bb. Il prorettorato ha abbracciato il [&hellip;]<\/p>\n","protected":false},"author":1,"featured_media":5233,"parent":5513,"menu_order":0,"comment_status":"closed","ping_status":"closed","template":"elementor_header_footer","meta":{"_acf_changed":false,"footnotes":""},"class_list":["post-5538","page","type-page","status-publish","has-post-thumbnail","hentry"],"acf":[],"_links":{"self":[{"href":"https:\/\/jahresberichte.phgr.ch\/2023\/wp-json\/wp\/v2\/pages\/5538","targetHints":{"allow":["GET"]}}],"collection":[{"href":"https:\/\/jahresberichte.phgr.ch\/2023\/wp-json\/wp\/v2\/pages"}],"about":[{"href":"https:\/\/jahresberichte.phgr.ch\/2023\/wp-json\/wp\/v2\/types\/page"}],"author":[{"embeddable":true,"href":"https:\/\/jahresberichte.phgr.ch\/2023\/wp-json\/wp\/v2\/users\/1"}],"replies":[{"embeddable":true,"href":"https:\/\/jahresberichte.phgr.ch\/2023\/wp-json\/wp\/v2\/comments?post=5538"}],"version-history":[{"count":32,"href":"https:\/\/jahresberichte.phgr.ch\/2023\/wp-json\/wp\/v2\/pages\/5538\/revisions"}],"predecessor-version":[{"id":7945,"href":"https:\/\/jahresberichte.phgr.ch\/2023\/wp-json\/wp\/v2\/pages\/5538\/revisions\/7945"}],"up":[{"embeddable":true,"href":"https:\/\/jahresberichte.phgr.ch\/2023\/wp-json\/wp\/v2\/pages\/5513"}],"wp:featuredmedia":[{"embeddable":true,"href":"https:\/\/jahresberichte.phgr.ch\/2023\/wp-json\/wp\/v2\/media\/5233"}],"wp:attachment":[{"href":"https:\/\/jahresberichte.phgr.ch\/2023\/wp-json\/wp\/v2\/media?parent=5538"}],"curies":[{"name":"wp","href":"https:\/\/api.w.org\/{rel}","templated":true}]}}